{"id":49,"date":"2021-05-28T11:44:36","date_gmt":"2021-05-28T11:44:36","guid":{"rendered":"https:\/\/www.athenastudio.co\/themes\/naxos-wp\/?page_id=49"},"modified":"2025-03-17T18:05:54","modified_gmt":"2025-03-17T17:05:54","slug":"contact","status":"publish","type":"page","link":"https:\/\/www.farmer-app.com\/index.php\/contact\/","title":{"rendered":"Kontakt"},"content":{"rendered":"<div class=\"wpb-content-wrapper\"><p>[vc_section el_id=&#8221;services&#8221;][vc_row][vc_column width=&#8221;1\/3&#8243;]<div class=\"service-single service-style-2 res-margin wow fadeInUp\" data-wow-offset=\"10\" data-wow-duration=\"1s\" data-wow-delay=\"0s\">\r\n\t\t\t\t\t<div class=\"icon icon-basic-mail\">\r\n\t\t\t\t\t\t\r\n\t\t\t\t\t<\/div>\r\n\t\t\t\t\t<h5>Email<\/h5>\r\n\t\t\t\t\t<p><\/p>\n<p style=\"text-align: center;\">Kontaktova\u0165 n\u00e1s m\u00f4\u017eete prostredn\u00edctvom e-mailu<br \/>\n<a href=\"mailto:admin@farmer-app.com\">admin@farmer-app.com<\/a><\/p>\n<p><\/p>\r\n\t\t\t\t<\/div>[\/vc_column][vc_column width=&#8221;1\/3&#8243;]<div class=\"service-single service-style-2 res-margin wow fadeInUp\" data-wow-offset=\"10\" data-wow-duration=\"1s\" data-wow-delay=\"0.3s\">\r\n\t\t\t\t\t<div class=\"icon icon-basic-geolocalize-05\">\r\n\t\t\t\t\t\t\r\n\t\t\t\t\t<\/div>\r\n\t\t\t\t\t<h5>Spolo\u010dnos\u0165<\/h5>\r\n\t\t\t\t\t<p><\/p>\n<p style=\"text-align: center;\">SAFIT GROUP s.r.o.<\/p>\n<p><\/p>\r\n\t\t\t\t<\/div>[\/vc_column][vc_column width=&#8221;1\/3&#8243;]<div class=\"service-single service-style-2 res-margin wow fadeInUp\" data-wow-offset=\"10\" data-wow-duration=\"1s\" data-wow-delay=\"0.6s\">\r\n\t\t\t\t\t<div class=\"icon icon-basic-webpage-txt\">\r\n\t\t\t\t\t\t\r\n\t\t\t\t\t<\/div>\r\n\t\t\t\t\t<h5>Webov\u00e9 rozhranie<\/h5>\r\n\t\t\t\t\t<p><\/p>\n<p style=\"text-align: center;\">Pre \u00fapravu v\u00e4\u010d\u0161ieho mno\u017estva d\u00e1t vyu\u017eite<br \/>\n<a href=\"https:\/\/my.farmer-app.com\/login\">webov\u00e9 rozhranie<\/a><\/p>\n<p><\/p>\r\n\t\t\t\t<\/div>[\/vc_column][\/vc_row][\/vc_section][vc_section disable_element=&#8221;yes&#8221; el_class=&#8221;section-box bg-grey&#8221; el_id=&#8221;clients&#8221;][vc_row][vc_column]<div class=\"row\">\r\n\t\t\t\t\t<div \r\n\t\t\t\t\t\tclass=\"clients-slider owl-carousel owl-theme\" \r\n\t\t\t\t\t\tdata-dots=\"true\"\r\n\t\t\t\t\t\tdata-count-desktop=\"5\"\r\n\t\t\t\t\t\tdata-count-tablet=\"3\"\r\n\t\t\t\t\t\tdata-count-mobile=\"2\"\r\n\t\t\t\t\t><div class=\"client\"><a href=\"#\" target=\"_blank\"><img decoding=\"async\" src=\"https:\/\/www.farmer-app.com\/wp-content\/uploads\/2021\/05\/company-1.png\" alt=\"Client 1\"><\/a><\/div><div class=\"client\"><a href=\"#\" target=\"_blank\"><img decoding=\"async\" src=\"https:\/\/www.farmer-app.com\/wp-content\/uploads\/2021\/05\/company-2.png\" alt=\"Client 2\"><\/a><\/div><div class=\"client\"><a href=\"#\" target=\"_blank\"><img decoding=\"async\" src=\"https:\/\/www.farmer-app.com\/wp-content\/uploads\/2021\/05\/company-3.png\" alt=\"Client 3\"><\/a><\/div><div class=\"client\"><a href=\"#\" target=\"_blank\"><img decoding=\"async\" src=\"https:\/\/www.farmer-app.com\/wp-content\/uploads\/2021\/05\/company-4.png\" alt=\"Client 4\"><\/a><\/div><div class=\"client\"><a href=\"#\" target=\"_blank\"><img decoding=\"async\" src=\"https:\/\/www.farmer-app.com\/wp-content\/uploads\/2021\/05\/company-5.png\" alt=\"Client 5\"><\/a><\/div><div class=\"client\"><a href=\"#\" target=\"_blank\"><img decoding=\"async\" src=\"https:\/\/www.farmer-app.com\/wp-content\/uploads\/2021\/05\/company-6.png\" alt=\"Client 6\"><\/a><\/div><div class=\"client\"><a href=\"#\" target=\"_blank\"><img decoding=\"async\" src=\"https:\/\/www.farmer-app.com\/wp-content\/uploads\/2021\/05\/company-7.png\" alt=\"Client 7\"><\/a><\/div><div class=\"client\"><a href=\"#\" target=\"_blank\"><img decoding=\"async\" src=\"https:\/\/www.farmer-app.com\/wp-content\/uploads\/2021\/05\/company-8.png\" alt=\"Client 8\"><\/a><\/div><\/div>\r\n\t\t\t\t<\/div>[\/vc_column][\/vc_row][\/vc_section][vc_section el_id=&#8221;contact&#8221;][vc_row disable_element=&#8221;yes&#8221;][vc_column]<div class=\"row justify-content-center\"><div class=\"col-12 col-md-10 col-lg-6\"><div class=\"section-title text-center  \"><h3>Get In Touch<\/h3><p>Nullam hendrerit massa quis dui egestas, id scelerisque felis rutrum. Etiam sem nibh, auctor sed, pharetra congue.<\/p><\/div><\/div><\/div>[\/vc_column][\/vc_row][vc_row][vc_column width=&#8221;1\/2&#8243;]<div class=\"section-title text-center text-lg-start \"><h3>M\u00e1te ot\u00e1zky alebo potrebujete pomoc pri spr\u00e1ve svojej farmy?<\/h3><p>Nev\u00e1hajte n\u00e1s kontaktova\u0165. R\u00e1di v\u00e1m pom\u00f4\u017eeme s ak\u00fdmiko\u013evek ot\u00e1zkami alebo probl\u00e9mami, ktor\u00e9 m\u00e1te. Va\u0161u ot\u00e1zku sa budeme sna\u017ei\u0165 zodpoveda\u0165 \u010do najsk\u00f4r, aby ste mohli pokra\u010dova\u0165 v pr\u00e1ci na svojej farme.<\/p><\/div><div class=\"contact-info res-margin\" ><h5><span class=\"icon icon-basic-clock\"><\/span>Pracovn\u00e1 doba<\/h5>\r\n                <p>09:00 \u2013 16:00<\/p><\/div>[\/vc_column][vc_column width=&#8221;1\/2&#8243;]\n<div class=\"wpcf7 no-js\" id=\"wpcf7-f131-o1\" lang=\"en-US\" dir=\"ltr\" data-wpcf7-id=\"131\">\n<div class=\"screen-reader-response\"><p role=\"status\" aria-live=\"polite\" aria-atomic=\"true\"><\/p> <ul><\/ul><\/div>\n<form action=\"\/index.php\/wp-json\/wp\/v2\/pages\/49#wpcf7-f131-o1\" method=\"post\" class=\"wpcf7-form init\" aria-label=\"Contact form\" novalidate=\"novalidate\" data-status=\"init\">\n<div style=\"display: none;\">\n<input type=\"hidden\" name=\"_wpcf7\" value=\"131\" \/>\n<input type=\"hidden\" name=\"_wpcf7_version\" value=\"6.0.5\" \/>\n<input type=\"hidden\" name=\"_wpcf7_locale\" value=\"en_US\" \/>\n<input type=\"hidden\" name=\"_wpcf7_unit_tag\" value=\"wpcf7-f131-o1\" \/>\n<input type=\"hidden\" name=\"_wpcf7_container_post\" value=\"0\" \/>\n<input type=\"hidden\" name=\"_wpcf7_posted_data_hash\" value=\"\" \/>\n<\/div>\n<div class=\"row\">\n\t<div class=\"col-12 col-lg-6\">\n\t\t<div class=\"form-group mt-2 mb-3\">\n\t\t\t<p><span class=\"wpcf7-form-control-wrap\" data-name=\"your-name\"><input size=\"40\" maxlength=\"400\" class=\"wpcf7-form-control wpcf7-text wpcf7-validates-as-required form-control\" aria-required=\"true\" aria-invalid=\"false\" placeholder=\"Meno\" value=\"\" type=\"text\" name=\"your-name\" \/><\/span>\n\t\t\t<\/p>\n\t\t<\/div>\n\t<\/div>\n\t<div class=\"col-12 col-lg-6\">\n\t\t<div class=\"form-group mt-2 mb-3\">\n\t\t\t<p><span class=\"wpcf7-form-control-wrap\" data-name=\"your-email\"><input size=\"40\" maxlength=\"400\" class=\"wpcf7-form-control wpcf7-email wpcf7-validates-as-required wpcf7-text wpcf7-validates-as-email form-control\" aria-required=\"true\" aria-invalid=\"false\" placeholder=\"Email\" value=\"\" type=\"email\" name=\"your-email\" \/><\/span>\n\t\t\t<\/p>\n\t\t<\/div>\n\t<\/div>\n<\/div>\n<div class=\"row\">\n\t<div class=\"col-12 col-lg-12\">\n\t\t<div class=\"form-group mt-2 mb-3\">\n\t\t\t<p><span class=\"wpcf7-form-control-wrap\" data-name=\"your-subject\"><input size=\"40\" maxlength=\"400\" class=\"wpcf7-form-control wpcf7-text wpcf7-validates-as-required form-control\" aria-required=\"true\" aria-invalid=\"false\" placeholder=\"Predmet\" value=\"\" type=\"text\" name=\"your-subject\" \/><\/span>\n\t\t\t<\/p>\n\t\t<\/div>\n\t<\/div>\n<\/div>\n<div class=\"row\">\n\t<div class=\"col-12 col-lg-12\">\n\t\t<div class=\"form-group mt-2 mb-3\">\n\t\t\t<p><span class=\"wpcf7-form-control-wrap\" data-name=\"your-message\"><textarea cols=\"40\" rows=\"4\" maxlength=\"2000\" class=\"wpcf7-form-control wpcf7-textarea form-control\" aria-invalid=\"false\" placeholder=\"Spr\u00e1va\" name=\"your-message\"><\/textarea><\/span>\n\t\t\t<\/p>\n\t\t<\/div>\n\t<\/div>\n<\/div>\n<div class=\"row\">\n\t<div class=\"col-12 col-lg-12 mt-2\">\n\t\t<p><input class=\"wpcf7-form-control wpcf7-submit has-spinner btn\" type=\"submit\" value=\"Odosla\u0165 spr\u00e1vu\" \/>\n\t\t<\/p>\n\t<\/div>\n<\/div><div class=\"wpcf7-response-output\" aria-hidden=\"true\"><\/div>\n<\/form>\n<\/div>\n[\/vc_column][\/vc_row][\/vc_section][vc_section disable_element=&#8221;yes&#8221; el_class=&#8221;pt-0 pb-0&#8243; el_id=&#8221;map&#8221;][vc_row full_width=&#8221;stretch_row_content_no_spaces&#8221;][vc_column]\r\n\t\t<div class=\"map\"><div id=\"google-map\" data-zoom=\"10\" data-latitude=\"37.800976\" data-longitude=\"-122.428502\" data-color=\"#7c4fe0\" data-marker=\"https:\/\/www.farmer-app.com\/wp-content\/themes\/naxos\/assets\/images\/map-marker-blue.png\"><\/div><div id=\"zoom-in\"><\/div><div id=\"zoom-out\"><\/div>\r\n\t\t<div id=\"map-info\">\r\n\t\t\t<div id=\"content\">\r\n\t\t\t\t<div id=\"siteNotice\"><\/div>\r\n\t\t\t\t<h4 id=\"firstHeading\" class=\"firstHeading\">Naxos Main Office<\/h4>\r\n\t\t\t\t<div id=\"bodyContent\"><p>Donec arcu nulla, semper et urna ac, laoreet porta.<br \/>\nVivamus sodales efficitur massa at rhoncus.<\/p>\n<\/div><\/div>\r\n\t\t<\/div><\/div>[\/vc_column][\/vc_row][\/vc_section]<\/p>\n<\/div>","protected":false},"excerpt":{"rendered":"<p>[vc_section el_id=&#8221;services&#8221;][vc_row][vc_column width=&#8221;1\/3&#8243;][\/vc_column][vc_column width=&#8221;1\/3&#8243;][\/vc_column][vc_column width=&#8221;1\/3&#8243;][\/vc_column][\/vc_row][\/vc_section][vc_section disable_element=&#8221;yes&#8221; el_class=&#8221;section-box bg-grey&#8221; el_id=&#8221;clients&#8221;][vc_row][vc_column][\/vc_column][\/vc_row][\/vc_section][vc_section el_id=&#8221;contact&#8221;][vc_row disable_element=&#8221;yes&#8221;][vc_column][\/vc_column][\/vc_row][vc_row][vc_column width=&#8221;1\/2&#8243;][\/vc_column][vc_column width=&#8221;1\/2&#8243;][\/vc_column][\/vc_row][\/vc_section][vc_section disable_element=&#8221;yes&#8221; el_class=&#8221;pt-0 pb-0&#8243; el_id=&#8221;map&#8221;][vc_row full_width=&#8221;stretch_row_content_no_spaces&#8221;][vc_column][\/vc_column][\/vc_row][\/vc_section]<\/p>\n","protected":false},"author":1,"featured_media":266,"parent":0,"menu_order":0,"comment_status":"closed","ping_status":"closed","template":"","meta":{"footnotes":""},"class_list":["post-49","page","type-page","status-publish","has-post-thumbnail","hentry"],"_links":{"self":[{"href":"https:\/\/www.farmer-app.com\/index.php\/wp-json\/wp\/v2\/pages\/49","targetHints":{"allow":["GET"]}}],"collection":[{"href":"https:\/\/www.farmer-app.com\/index.php\/wp-json\/wp\/v2\/pages"}],"about":[{"href":"https:\/\/www.farmer-app.com\/index.php\/wp-json\/wp\/v2\/types\/page"}],"author":[{"embeddable":true,"href":"https:\/\/www.farmer-app.com\/index.php\/wp-json\/wp\/v2\/users\/1"}],"replies":[{"embeddable":true,"href":"https:\/\/www.farmer-app.com\/index.php\/wp-json\/wp\/v2\/comments?post=49"}],"version-history":[{"count":7,"href":"https:\/\/www.farmer-app.com\/index.php\/wp-json\/wp\/v2\/pages\/49\/revisions"}],"predecessor-version":[{"id":335,"href":"https:\/\/www.farmer-app.com\/index.php\/wp-json\/wp\/v2\/pages\/49\/revisions\/335"}],"wp:featuredmedia":[{"embeddable":true,"href":"https:\/\/www.farmer-app.com\/index.php\/wp-json\/wp\/v2\/media\/266"}],"wp:attachment":[{"href":"https:\/\/www.farmer-app.com\/index.php\/wp-json\/wp\/v2\/media?parent=49"}],"curies":[{"name":"wp","href":"https:\/\/api.w.org\/{rel}","templated":true}]}}